{"id":6193,"date":"2024-09-11T03:37:47","date_gmt":"2024-09-11T03:37:47","guid":{"rendered":"https:\/\/www.doll-forever.com\/fr\/?post_type=product&#038;p=6193"},"modified":"2024-09-11T04:21:00","modified_gmt":"2024-09-11T04:21:00","slug":"perruques-irokebijin-2","status":"publish","type":"product","link":"https:\/\/www.doll-forever.com\/fr\/?product=perruques-irokebijin-2","title":{"rendered":"Perruques Irokebijin &#8211; T\u00eates 110 \u00e0 160 cm"},"content":{"rendered":"<p>DESTINATIONS D\u2019EXP\u00c9DITION GRATUITE<br \/>\nNous offrons L\u2019EXP\u00c9DITION GRATUITE pour la plupart des pays, Asiatiques, d\u2019Europe, des Etats-Unis, du Canada, de l\u2019Australie et de la Nouvelle-Z\u00e9lande.<br \/>\nPour les autres destinations non \u00e9num\u00e9r\u00e9es ci-dessus, merci de nous contacter.<\/p>\n<p><img loading=\"lazy\" class=\"alignnone size-large wp-image-4074\" src=\"http:\/\/www.doll-forever.com\/fr\/wp-content\/uploads\/2018\/05\/2018-05-16_Doll-4ever_Map_fr-2-1024x520.jpg\" alt=\"\" width=\"1024\" height=\"520\" srcset=\"https:\/\/www.doll-forever.com\/fr\/wp-content\/uploads\/2018\/05\/2018-05-16_Doll-4ever_Map_fr-2-1024x520.jpg 1024w, https:\/\/www.doll-forever.com\/fr\/wp-content\/uploads\/2018\/05\/2018-05-16_Doll-4ever_Map_fr-2-480x244.jpg 480w, https:\/\/www.doll-forever.com\/fr\/wp-content\/uploads\/2018\/05\/2018-05-16_Doll-4ever_Map_fr-2-1080x549.jpg 1080w, https:\/\/www.doll-forever.com\/fr\/wp-content\/uploads\/2018\/05\/2018-05-16_Doll-4ever_Map_fr-2-300x152.jpg 300w, https:\/\/www.doll-forever.com\/fr\/wp-content\/uploads\/2018\/05\/2018-05-16_Doll-4ever_Map_fr-2-768x390.jpg 768w\" sizes=\"(max-width: 1024px) 100vw, 1024px\" \/><\/p>\n","protected":false},"excerpt":{"rendered":"<p>Irokebijin vous proposes 8 perruques diff\u00e9rentes pour des t\u00eate 110cm \u00e0 160 cm.<br \/>\nPerruque tr\u00e8s styl\u00e9e avec une jolie apparence naturelle et un toucher doux.<br \/>\nFibre synth\u00e9tique brillante, adapt\u00e9e \u00e0 une utilisation \u00e0 long terme.<br \/>\nEmballage inclus.<\/p>\n","protected":false},"featured_media":6192,"comment_status":"closed","ping_status":"closed","template":"","meta":[],"product_cat":[39,41],"product_tag":[],"_links":{"self":[{"href":"https:\/\/www.doll-forever.com\/fr\/index.php?rest_route=\/wp\/v2\/product\/6193"}],"collection":[{"href":"https:\/\/www.doll-forever.com\/fr\/index.php?rest_route=\/wp\/v2\/product"}],"about":[{"href":"https:\/\/www.doll-forever.com\/fr\/index.php?rest_route=\/wp\/v2\/types\/product"}],"replies":[{"embeddable":true,"href":"https:\/\/www.doll-forever.com\/fr\/index.php?rest_route=%2Fwp%2Fv2%2Fcomments&post=6193"}],"wp:featuredmedia":[{"embeddable":true,"href":"https:\/\/www.doll-forever.com\/fr\/index.php?rest_route=\/wp\/v2\/media\/6192"}],"wp:attachment":[{"href":"https:\/\/www.doll-forever.com\/fr\/index.php?rest_route=%2Fwp%2Fv2%2Fmedia&parent=6193"}],"wp:term":[{"taxonomy":"product_cat","embeddable":true,"href":"https:\/\/www.doll-forever.com\/fr\/index.php?rest_route=%2Fwp%2Fv2%2Fproduct_cat&post=6193"},{"taxonomy":"product_tag","embeddable":true,"href":"https:\/\/www.doll-forever.com\/fr\/index.php?rest_route=%2Fwp%2Fv2%2Fproduct_tag&post=6193"}],"curies":[{"name":"wp","href":"https:\/\/api.w.org\/{rel}","templated":true}]}}