{"id":5961,"date":"2024-08-02T08:31:11","date_gmt":"2024-08-02T08:31:11","guid":{"rendered":"https:\/\/www.doll-forever.com\/fr\/?post_type=product&#038;p=5961"},"modified":"2024-12-03T02:10:15","modified_gmt":"2024-12-03T02:10:15","slug":"poupee-shiori-148-cm-silicone-2","status":"publish","type":"product","link":"https:\/\/www.doll-forever.com\/fr\/?product=poupee-shiori-148-cm-silicone-2","title":{"rendered":"Poup\u00e9e Shiori \u2013 150 cm SILICONE"},"content":{"rendered":"<p>&#8211; Les poup\u00e9e doll-forever ont un squelette m\u00e9tal encapsul\u00e9 dans du Silicone. La sensation du Silicone est peau de p\u00eache ce qui lui donne une sensation douce et \u00e9lastique, pour \u00eatre le plus proche d&#8217;une vraie personne.<\/p>\n<p>&#8211; \u00c0 l&#8217;int\u00e9rieur de la poup\u00e9e, il y a un squelette flexible en acier inoxydable qui peut atteindre 70% de celle d&#8217;une personne r\u00e9elle. La poup\u00e9e peut \u00eatre pos\u00e9e dans diff\u00e9rentes positions pour de la photographie ou jeu intime.<\/p>\n<p>&#8211; Bien que la poup\u00e9e soit en Silicone transparent et int\u00e9gralement moul\u00e9e, il s&#8217;agit d&#8217;un produit fait main, il peut donc y avoir dans une certaine mesure, des lignes visibles ou des petites asp\u00e9rit\u00e9s sur le corps de la poup\u00e9e.<\/p>\n<p>&#8211; Les yeux de la poup\u00e9e peuvent \u00eatre ajust\u00e9s au besoin, mais faites attention \u00e0 ne pas endommager les cils pendant l&#8217;ajustement.<\/p>\n<p>&#8211; Les poup\u00e9es de plus de 100cm de hauteur, ont trois passages qui peuvent \u00eatre utilis\u00e9s. La bouches et l&#8217;anus ne sont pas d\u00e9tachables, tandis que le vagin est amovible ou fixe en option lors de la commande.<\/p>\n<p>&#8211; Il est naturel que la surface de la peau de la poup\u00e9e soit un peu grasse.<\/p>\n<p>&#8211; Il est naturel qu&#8217;une nouvelle poup\u00e9e sente l\u00e9g\u00e8rement en raison des caract\u00e9ristiques du Silicone. Placer la poup\u00e9e dans un endroit ventil\u00e9 et l&#8217;odeur dispara\u00eetra naturellement apr\u00e8s 1 ou 2 jours.<\/p>\n<p>&#8211; Il peut y avoir une petite diff\u00e9rence dans les tailles de la poup\u00e9e, en raison de diff\u00e9rentes m\u00e9thodes de mesure. Veuillez noter que les donn\u00e9es affich\u00e9es sur le site web sont \u00e0 titre indicatif.<\/p>\n<p><span style=\"color: #d40000;\">DESTINATIONS D&#8217;EXP\u00c9DITION GRATUITE<\/span><br \/>\nNous offrons L&#8217;EXP\u00c9DITION GRATUITE pour la plupart des pays, Asiatiques, d&#8217;Europe, des Etats-Unis, du Canada, de l&#8217;Australie et de la Nouvelle-Z\u00e9lande.<br \/>\nPour les autres destinations non \u00e9num\u00e9r\u00e9es ci-dessus, merci de nous contacter.<\/p>\n<p><img loading=\"lazy\" class=\"alignnone size-large wp-image-4074\" src=\"https:\/\/www.doll-forever.com\/fr\/wp-content\/uploads\/2018\/05\/2018-05-16_Doll-4ever_Map_fr-2-1024x520.jpg\" alt=\"\" width=\"1024\" height=\"520\" srcset=\"https:\/\/www.doll-forever.com\/fr\/wp-content\/uploads\/2018\/05\/2018-05-16_Doll-4ever_Map_fr-2-1024x520.jpg 1024w, https:\/\/www.doll-forever.com\/fr\/wp-content\/uploads\/2018\/05\/2018-05-16_Doll-4ever_Map_fr-2-480x244.jpg 480w, https:\/\/www.doll-forever.com\/fr\/wp-content\/uploads\/2018\/05\/2018-05-16_Doll-4ever_Map_fr-2-1080x549.jpg 1080w, https:\/\/www.doll-forever.com\/fr\/wp-content\/uploads\/2018\/05\/2018-05-16_Doll-4ever_Map_fr-2-300x152.jpg 300w, https:\/\/www.doll-forever.com\/fr\/wp-content\/uploads\/2018\/05\/2018-05-16_Doll-4ever_Map_fr-2-768x390.jpg 768w\" sizes=\"(max-width: 1024px) 100vw, 1024px\" \/><\/p>\n<p><span style=\"color: #d40000;\">EN RAISON DES LOIS SUR LES IMPORTATIONS, NOUS NE POUVONS PAS LIVRER VERS LES DESTINATIONS SUIVANTES: <span style=\"color: #001200;\">Pays Islamiques, Inde, Indon\u00e9sie ou Afrique.<\/span><\/span><\/p>\n","protected":false},"excerpt":{"rendered":"<p><span style=\"color: #666666;\"><span style=\"font-family: Arial, sans-serif;\"><span style=\"color: #50c7bc;\"><strong>LIVRAISON GRATUITE<\/strong><\/span><br \/>\nIntroduction :<br \/>\nDoll-forever a travaill\u00e9 en collaboration avec le c\u00e9l\u00e8bre designer et photographe Ta\u00efwanais M. Mizuwali pour d\u00e9velopper la nouvelle marque \u00ab IROKEBIJIN \u00bb, des poup\u00e9es avec un feeling manga.<br \/>\n<\/span><\/span><\/p>\n<p>\u2022 Mat\u00e9riau &#8211; SILICONE Hyper Soft<br \/>\n\u2022 Hauteur &#8211; 150cm<br \/>\n\u2022 Poids &#8211; 25kg<br \/>\n\u2022 Epaule &#8211; 33cm<br \/>\n\u2022 Buste &#8211; 81cm<br \/>\n\u2022 Taille &#8211; 53cm<br \/>\n\u2022 Hanches &#8211; 88cm<br \/>\n\u2022 Longueur du bras sup\u00e9rieur &#8211; 20cm<br \/>\n\u2022 Tour de bras &#8211; 20cm<br \/>\n\u2022 Longueur de jambe basse &#8211; 39cm<br \/>\n\u2022 Pieds &#8211; 20cm<br \/>\n\u2022 Oral &#8211; Non<br \/>\n\u2022 Anal &#8211; 16cm<br \/>\n\u2022 Vagin &#8211; 16cm<\/p>\n","protected":false},"featured_media":5972,"comment_status":"closed","ping_status":"closed","template":"","meta":[],"product_cat":[93,293,255],"product_tag":[302,303,301,300],"_links":{"self":[{"href":"https:\/\/www.doll-forever.com\/fr\/index.php?rest_route=\/wp\/v2\/product\/5961"}],"collection":[{"href":"https:\/\/www.doll-forever.com\/fr\/index.php?rest_route=\/wp\/v2\/product"}],"about":[{"href":"https:\/\/www.doll-forever.com\/fr\/index.php?rest_route=\/wp\/v2\/types\/product"}],"replies":[{"embeddable":true,"href":"https:\/\/www.doll-forever.com\/fr\/index.php?rest_route=%2Fwp%2Fv2%2Fcomments&post=5961"}],"wp:featuredmedia":[{"embeddable":true,"href":"https:\/\/www.doll-forever.com\/fr\/index.php?rest_route=\/wp\/v2\/media\/5972"}],"wp:attachment":[{"href":"https:\/\/www.doll-forever.com\/fr\/index.php?rest_route=%2Fwp%2Fv2%2Fmedia&parent=5961"}],"wp:term":[{"taxonomy":"product_cat","embeddable":true,"href":"https:\/\/www.doll-forever.com\/fr\/index.php?rest_route=%2Fwp%2Fv2%2Fproduct_cat&post=5961"},{"taxonomy":"product_tag","embeddable":true,"href":"https:\/\/www.doll-forever.com\/fr\/index.php?rest_route=%2Fwp%2Fv2%2Fproduct_tag&post=5961"}],"curies":[{"name":"wp","href":"https:\/\/api.w.org\/{rel}","templated":true}]}}