{"id":5368,"date":"2023-07-06T03:13:05","date_gmt":"2023-07-06T03:13:05","guid":{"rendered":"https:\/\/www.doll-forever.com\/fr\/?post_type=product&#038;p=5368"},"modified":"2026-01-23T01:51:15","modified_gmt":"2026-01-23T01:51:15","slug":"poupee-devon-170-cm","status":"publish","type":"product","link":"https:\/\/www.doll-forever.com\/fr\/?product=poupee-devon-170-cm","title":{"rendered":"Poup\u00e9e Devon 170 cm &#8211; TPE"},"content":{"rendered":"<p>&#8211; Les poup\u00e9e doll-forever ont un squelette m\u00e9tal encapsul\u00e9 dans du TPE. La sensation du TPE est peau de p\u00eache ce qui lui donne une sensation douce et \u00e9lastique, pour \u00eatre le plus proche d&#8217;une vraie personne.<\/p>\n<p>&#8211; \u00c0 l&#8217;int\u00e9rieur de la poup\u00e9e, il y a un squelette flexible en acier inoxydable qui peut atteindre 70% de celle d&#8217;une personne r\u00e9elle. La poup\u00e9e peut \u00eatre pos\u00e9e dans diff\u00e9rentes positions pour de la photographie ou jeu intime.<\/p>\n<p>&#8211; Bien que la poup\u00e9e soit en TPE transparent et int\u00e9gralement moul\u00e9e, il s&#8217;agit d&#8217;un produit fait main, il peut donc y avoir dans une certaine mesure, des lignes visibles ou des petites asp\u00e9rit\u00e9s sur le corps de la poup\u00e9e.<\/p>\n<p>&#8211; Les yeux de la poup\u00e9e peuvent \u00eatre ajust\u00e9s au besoin, mais faites attention \u00e0 ne pas endommager les cils pendant l&#8217;ajustement.<\/p>\n<p>&#8211; Les poup\u00e9es de plus de 100cm de hauteur, ont trois passages qui peuvent \u00eatre utilis\u00e9s. La bouches et l&#8217;anus ne sont d\u00e9tachables, tandis que le vagin est amovible ou fixe en option lors de la commande.<\/p>\n<p>&#8211; Il est naturel que la surface de la peau de la poup\u00e9e soit un peu grasse.<\/p>\n<p>&#8211; Il est naturel qu&#8217;une nouvelle poup\u00e9e sente l\u00e9g\u00e8rement en raison des caract\u00e9ristiques du TPE. Placer la poup\u00e9e dans un endroit ventil\u00e9 et l&#8217;odeur dispara\u00eetra naturellement apr\u00e8s 1 ou 2 jours.<\/p>\n<p>&#8211; Il peut y avoir une petite diff\u00e9rence dans les tailles de la poup\u00e9e, en raison de diff\u00e9rentes m\u00e9thodes de mesure. Veuillez noter que les donn\u00e9es affich\u00e9es sur le site web sont \u00e0 titre indicatif.<\/p>\n<p><span style=\"color: #d40000;\">DESTINATIONS D&#8217;EXP\u00c9DITION GRATUITE<\/span><br \/>\nNous offrons L&#8217;EXP\u00c9DITION GRATUITE pour la plupart des pays, Asiatiques, d&#8217;Europe, des Etats-Unis, du Canada, de l&#8217;Australie et de la Nouvelle-Z\u00e9lande.<br \/>\nPour les autres destinations non \u00e9num\u00e9r\u00e9es ci-dessus, merci de nous contacter.<\/p>\n<p><img loading=\"lazy\" class=\"alignnone size-large wp-image-4074\" src=\"https:\/\/www.doll-forever.com\/fr\/wp-content\/uploads\/2018\/05\/2018-05-16_Doll-4ever_Map_fr-2-1024x520.jpg\" alt=\"\" width=\"1024\" height=\"520\" srcset=\"https:\/\/www.doll-forever.com\/fr\/wp-content\/uploads\/2018\/05\/2018-05-16_Doll-4ever_Map_fr-2-1024x520.jpg 1024w, https:\/\/www.doll-forever.com\/fr\/wp-content\/uploads\/2018\/05\/2018-05-16_Doll-4ever_Map_fr-2-480x244.jpg 480w, https:\/\/www.doll-forever.com\/fr\/wp-content\/uploads\/2018\/05\/2018-05-16_Doll-4ever_Map_fr-2-1080x549.jpg 1080w, https:\/\/www.doll-forever.com\/fr\/wp-content\/uploads\/2018\/05\/2018-05-16_Doll-4ever_Map_fr-2-300x152.jpg 300w, https:\/\/www.doll-forever.com\/fr\/wp-content\/uploads\/2018\/05\/2018-05-16_Doll-4ever_Map_fr-2-768x390.jpg 768w\" sizes=\"(max-width: 1024px) 100vw, 1024px\" \/><\/p>\n<p><span style=\"color: #d40000;\">EN RAISON DES LOIS SUR LES IMPORTATIONS, NOUS NE POUVONS PAS LIVRER VERS LES DESTINATIONS SUIVANTES: <span style=\"color: #001200;\">Pays Islamiques, Inde, Indon\u00e9sie ou Afrique.<\/span><\/span><\/p>\n","protected":false},"excerpt":{"rendered":"<p><span style=\"color: #50c7bc;\"><strong>LIVRAISON GRATUITE<br \/>\n<\/strong><\/span>Hello gar\u00e7on et fille, ne soyez pas timide. Donnez-moi du plaisir et plus encore, chut, chut, j&#8217;aime le sexe\u2026 Souvenez-vous de mon nom, je suis Devon.<\/p>\n<p>\u2022 Mat\u00e9riau &#8211; TPE<br \/>\n\u2022 Hauteur &#8211; 170\u00a0cm<br \/>\n\u2022 Poids\u00a0\u2013\u00a040\u00a0kg<br \/>\n\u2022 \u00c9paule &#8211; 46\u00a0cm<br \/>\n\u2022 Buste &#8211; 93cm<br \/>\n\u2022 Tour de taille &#8211; 66\u00a0cm<br \/>\n\u2022 Hanches &#8211; 83cm<br \/>\n\u2022\u00a0Longueur du haut du bras\u00a0: 35\u00a0cm<br \/>\n\u2022 Tour de bras sup\u00e9rieur &#8211; 32\u00a0cm<br \/>\n\u2022 Longueur de jambe basse &#8211; 50\u00a0cm<br \/>\n\u2022 Pieds &#8211; 27\u00a0cm<br \/>\n\u2022 Orale\u00a0\u2013\u00a011\u00a0cm<br \/>\n\u2022 Anus \u2013 17 cm<br \/>\n\u2022 Longueur du p\u00e9nis &#8211; 18 cm<\/p>\n","protected":false},"featured_media":5379,"comment_status":"closed","ping_status":"closed","template":"","meta":[],"product_cat":[351,93,350,32,276],"product_tag":[],"_links":{"self":[{"href":"https:\/\/www.doll-forever.com\/fr\/index.php?rest_route=\/wp\/v2\/product\/5368"}],"collection":[{"href":"https:\/\/www.doll-forever.com\/fr\/index.php?rest_route=\/wp\/v2\/product"}],"about":[{"href":"https:\/\/www.doll-forever.com\/fr\/index.php?rest_route=\/wp\/v2\/types\/product"}],"replies":[{"embeddable":true,"href":"https:\/\/www.doll-forever.com\/fr\/index.php?rest_route=%2Fwp%2Fv2%2Fcomments&post=5368"}],"wp:featuredmedia":[{"embeddable":true,"href":"https:\/\/www.doll-forever.com\/fr\/index.php?rest_route=\/wp\/v2\/media\/5379"}],"wp:attachment":[{"href":"https:\/\/www.doll-forever.com\/fr\/index.php?rest_route=%2Fwp%2Fv2%2Fmedia&parent=5368"}],"wp:term":[{"taxonomy":"product_cat","embeddable":true,"href":"https:\/\/www.doll-forever.com\/fr\/index.php?rest_route=%2Fwp%2Fv2%2Fproduct_cat&post=5368"},{"taxonomy":"product_tag","embeddable":true,"href":"https:\/\/www.doll-forever.com\/fr\/index.php?rest_route=%2Fwp%2Fv2%2Fproduct_tag&post=5368"}],"curies":[{"name":"wp","href":"https:\/\/api.w.org\/{rel}","templated":true}]}}