{"id":5141,"date":"2023-05-04T03:16:01","date_gmt":"2023-05-04T03:16:01","guid":{"rendered":"https:\/\/www.doll-forever.com\/fr\/?post_type=product&#038;p=5141"},"modified":"2024-12-03T03:03:29","modified_gmt":"2024-12-03T03:03:29","slug":"poupee-jian-x-160-cm-silicone","status":"publish","type":"product","link":"https:\/\/www.doll-forever.com\/fr\/?product=poupee-jian-x-160-cm-silicone","title":{"rendered":"Poup\u00e9e Jian-X 160 cm Silicone"},"content":{"rendered":"<p>&#8211; Les poup\u00e9es doll-forever ont un squelette m\u00e9tal encapsul\u00e9 dans du silicone. La sensation du silicone est peau de p\u00eache ce qui lui donne une sensation douce et \u00e9lastique, pour \u00eatre le plus proche d&#8217;une vraie personne.<\/p>\n<p>&#8211; \u00c0 l&#8217;int\u00e9rieur de la poup\u00e9e, il y a un squelette flexible en acier inoxydable qui peut atteindre 70% de celle d&#8217;une personne r\u00e9elle. La poup\u00e9e peut \u00eatre pos\u00e9e dans diff\u00e9rentes positions pour de la photographie ou jeu intime.<\/p>\n<p>&#8211; Bien que la poup\u00e9e soit en silicone transparent et int\u00e9gralement moul\u00e9e, il s&#8217;agit d&#8217;un produit fait main, il peut donc y avoir dans une certaine mesure, des lignes visibles ou des petites asp\u00e9rit\u00e9s sur le corps de la poup\u00e9e.<\/p>\n<p>&#8211; Les yeux de la poup\u00e9e peuvent \u00eatre ajust\u00e9s au besoin, mais faites attention \u00e0 ne pas endommager les cils pendant l&#8217;ajustement.<\/p>\n<p>&#8211; Il est naturel que la surface de la peau de la poup\u00e9e soit un peu grasse.<\/p>\n<p>&#8211; Il est naturel qu&#8217;une nouvelle poup\u00e9e sente l\u00e9g\u00e8rement en raison des caract\u00e9ristiques du silicone. Placer la poup\u00e9e dans un endroit ventil\u00e9 et l&#8217;odeur dispara\u00eetra naturellement apr\u00e8s 1 ou 2 jours.<\/p>\n<p>&#8211; Il peut y avoir une petite diff\u00e9rence dans les tailles de la poup\u00e9e, en raison de diff\u00e9rentes m\u00e9thodes de mesure. Veuillez noter que les donn\u00e9es affich\u00e9es sur le site web sont \u00e0 titre indicatif.<\/p>\n<p><span style=\"color: #d40000;\">DESTINATIONS D&#8217;EXP\u00c9DITION GRATUITE<\/span><br \/>\nNous offrons L&#8217;EXP\u00c9DITION GRATUITE pour la plupart des pays, Asiatiques, d&#8217;Europe, des Etats-Unis, du Canada, de l&#8217;Australie et de la Nouvelle-Z\u00e9lande.<br \/>\nPour les autres destinations non \u00e9num\u00e9r\u00e9es ci-dessus, merci de nous contacter.<\/p>\n<p><img loading=\"lazy\" class=\"alignnone size-large wp-image-4074\" src=\"https:\/\/www.doll-forever.com\/fr\/wp-content\/uploads\/2018\/05\/2018-05-16_Doll-4ever_Map_fr-2-1024x520.jpg\" alt=\"\" width=\"1024\" height=\"520\" srcset=\"https:\/\/www.doll-forever.com\/fr\/wp-content\/uploads\/2018\/05\/2018-05-16_Doll-4ever_Map_fr-2-1024x520.jpg 1024w, https:\/\/www.doll-forever.com\/fr\/wp-content\/uploads\/2018\/05\/2018-05-16_Doll-4ever_Map_fr-2-480x244.jpg 480w, https:\/\/www.doll-forever.com\/fr\/wp-content\/uploads\/2018\/05\/2018-05-16_Doll-4ever_Map_fr-2-1080x549.jpg 1080w, https:\/\/www.doll-forever.com\/fr\/wp-content\/uploads\/2018\/05\/2018-05-16_Doll-4ever_Map_fr-2-300x152.jpg 300w, https:\/\/www.doll-forever.com\/fr\/wp-content\/uploads\/2018\/05\/2018-05-16_Doll-4ever_Map_fr-2-768x390.jpg 768w\" sizes=\"(max-width: 1024px) 100vw, 1024px\" \/><\/p>\n<p><span style=\"color: #d40000;\">EN RAISON DES LOIS SUR LES IMPORTATIONS, NOUS NE POUVONS PAS LIVRER VERS LES DESTINATIONS SUIVANTES: <span style=\"color: #001200;\">Pays Islamiques, Inde, Indon\u00e9sie ou Afrique.<\/span><\/span><\/p>\n","protected":false},"excerpt":{"rendered":"<p><span style=\"color: #666666;\"><span style=\"font-family: Arial, sans-serif;\"><span style=\"color: #50c7bc;\"><strong>LIVRAISON GRATUITE<br \/>\n<\/strong><span style=\"color: #808080;\">Bonjour, je suis une fille kawaii, j&#8217;aima faire l&#8217;amour avec mon costume cosplay. J&#8217;aime les baisers sur mon corps et les mains sur mes fesses.<\/span><br \/>\n<span style=\"color: #808080;\">Je m&#8217;appelle Jian-X. (Sein en gel par d\u00e9faut \u2013 Main dure et pieds durs par d\u00e9faut \u2013 M\u00e2choire articul\u00e9e par d\u00e9faut).<\/span><\/span><\/span><\/span><\/p>\n<p><span style=\"color: #808080;\">\u2022 Mat\u00e9riau\u00a0: silicone<\/span><br \/>\n<span style=\"color: #808080;\">\u2022 Hauteur &#8211; 160\u00a0cm<\/span><br \/>\n<span style=\"color: #808080;\">\u2022 Poids\u00a0\u2013\u00a022\u00a0kg<\/span><br \/>\n<span style=\"color: #808080;\">\u2022 \u00c9paule &#8211; 35\u00a0cm<\/span><br \/>\n<span style=\"color: #808080;\">\u2022 Buste &#8211; 83cm<\/span><br \/>\n<span style=\"color: #808080;\">\u2022 Tour de taille &#8211; 58\u00a0cm<\/span><br \/>\n<span style=\"color: #808080;\">\u2022 Hanches &#8211; 91cm<\/span><br \/>\n<span style=\"color: #808080;\">\u2022 Longueur du bras\u00a0: 47\u00a0cm<\/span><br \/>\n<span style=\"color: #808080;\">\u2022\u00a0Longueur des jambes\u00a0: 92\u00a0cm<\/span><br \/>\n<span style=\"color: #808080;\">\u2022 Pieds &#8211; 22\u00a0cm<\/span><br \/>\n<span style=\"color: #808080;\">\u2022 Anal\u00a0\u2013\u00a014\u00a0cm<\/span><br \/>\n<span style=\"color: #808080;\">\u2022 Vagin &#8211; 17\u00a0cm<\/span><\/p>\n","protected":false},"featured_media":5163,"comment_status":"closed","ping_status":"closed","template":"","meta":[],"product_cat":[351,93,350,32,276],"product_tag":[],"_links":{"self":[{"href":"https:\/\/www.doll-forever.com\/fr\/index.php?rest_route=\/wp\/v2\/product\/5141"}],"collection":[{"href":"https:\/\/www.doll-forever.com\/fr\/index.php?rest_route=\/wp\/v2\/product"}],"about":[{"href":"https:\/\/www.doll-forever.com\/fr\/index.php?rest_route=\/wp\/v2\/types\/product"}],"replies":[{"embeddable":true,"href":"https:\/\/www.doll-forever.com\/fr\/index.php?rest_route=%2Fwp%2Fv2%2Fcomments&post=5141"}],"wp:featuredmedia":[{"embeddable":true,"href":"https:\/\/www.doll-forever.com\/fr\/index.php?rest_route=\/wp\/v2\/media\/5163"}],"wp:attachment":[{"href":"https:\/\/www.doll-forever.com\/fr\/index.php?rest_route=%2Fwp%2Fv2%2Fmedia&parent=5141"}],"wp:term":[{"taxonomy":"product_cat","embeddable":true,"href":"https:\/\/www.doll-forever.com\/fr\/index.php?rest_route=%2Fwp%2Fv2%2Fproduct_cat&post=5141"},{"taxonomy":"product_tag","embeddable":true,"href":"https:\/\/www.doll-forever.com\/fr\/index.php?rest_route=%2Fwp%2Fv2%2Fproduct_tag&post=5141"}],"curies":[{"name":"wp","href":"https:\/\/api.w.org\/{rel}","templated":true}]}}