{"id":4891,"date":"2022-03-17T03:23:21","date_gmt":"2022-03-17T03:23:21","guid":{"rendered":"https:\/\/www.doll-forever.com\/fr\/?post_type=product&#038;p=4891"},"modified":"2022-03-17T03:27:51","modified_gmt":"2022-03-17T03:27:51","slug":"doll-forever-crochet-de-suspension-m16","status":"publish","type":"product","link":"https:\/\/www.doll-forever.com\/fr\/?product=doll-forever-crochet-de-suspension-m16","title":{"rendered":"Doll-forever Crochet de suspension M16"},"content":{"rendered":"<p><img loading=\"lazy\" class=\"alignnone size-large wp-image-4074\" src=\"http:\/\/www.doll-forever.com\/fr\/wp-content\/uploads\/2018\/05\/2018-05-16_Doll-4ever_Map_fr-2-1024x520.jpg\" alt=\"\" width=\"1024\" height=\"520\" srcset=\"https:\/\/www.doll-forever.com\/fr\/wp-content\/uploads\/2018\/05\/2018-05-16_Doll-4ever_Map_fr-2-1024x520.jpg 1024w, https:\/\/www.doll-forever.com\/fr\/wp-content\/uploads\/2018\/05\/2018-05-16_Doll-4ever_Map_fr-2-480x244.jpg 480w, https:\/\/www.doll-forever.com\/fr\/wp-content\/uploads\/2018\/05\/2018-05-16_Doll-4ever_Map_fr-2-1080x549.jpg 1080w, https:\/\/www.doll-forever.com\/fr\/wp-content\/uploads\/2018\/05\/2018-05-16_Doll-4ever_Map_fr-2-300x152.jpg 300w, https:\/\/www.doll-forever.com\/fr\/wp-content\/uploads\/2018\/05\/2018-05-16_Doll-4ever_Map_fr-2-768x390.jpg 768w\" sizes=\"(max-width: 1024px) 100vw, 1024px\" \/><\/p>\n<p><span style=\"color: #d40000;\">EN RAISON DES LOIS SUR LES IMPORTATIONS, NOUS NE POUVONS PAS LIVRER VERS LES DESTINATIONS SUIVANTES: <span style=\"color: #001200;\">Pays Islamiques, Inde, Indon\u00e9sie ou Afrique.<\/span><\/span><\/p>\n","protected":false},"excerpt":{"rendered":"<p>Acier inoxydable de haute qualit\u00e9, m\u00e9tal poli, solide, r\u00e9sistant \u00e0 la rouille et durable dans le temps.<\/p>\n<p>Facile \u00e0 installer, les pi\u00e8ces peuvent \u00eatre connect\u00e9es entre M16 m\u00e2le et femelle.<\/p>\n<p><strong>\u00a0<\/strong><\/p>\n","protected":false},"featured_media":4892,"comment_status":"closed","ping_status":"closed","template":"","meta":[],"product_cat":[46],"product_tag":[],"_links":{"self":[{"href":"https:\/\/www.doll-forever.com\/fr\/index.php?rest_route=\/wp\/v2\/product\/4891"}],"collection":[{"href":"https:\/\/www.doll-forever.com\/fr\/index.php?rest_route=\/wp\/v2\/product"}],"about":[{"href":"https:\/\/www.doll-forever.com\/fr\/index.php?rest_route=\/wp\/v2\/types\/product"}],"replies":[{"embeddable":true,"href":"https:\/\/www.doll-forever.com\/fr\/index.php?rest_route=%2Fwp%2Fv2%2Fcomments&post=4891"}],"wp:featuredmedia":[{"embeddable":true,"href":"https:\/\/www.doll-forever.com\/fr\/index.php?rest_route=\/wp\/v2\/media\/4892"}],"wp:attachment":[{"href":"https:\/\/www.doll-forever.com\/fr\/index.php?rest_route=%2Fwp%2Fv2%2Fmedia&parent=4891"}],"wp:term":[{"taxonomy":"product_cat","embeddable":true,"href":"https:\/\/www.doll-forever.com\/fr\/index.php?rest_route=%2Fwp%2Fv2%2Fproduct_cat&post=4891"},{"taxonomy":"product_tag","embeddable":true,"href":"https:\/\/www.doll-forever.com\/fr\/index.php?rest_route=%2Fwp%2Fv2%2Fproduct_tag&post=4891"}],"curies":[{"name":"wp","href":"https:\/\/api.w.org\/{rel}","templated":true}]}}