{"id":4683,"date":"2020-12-23T03:54:41","date_gmt":"2020-12-23T03:54:41","guid":{"rendered":"https:\/\/www.doll-forever.com\/fr\/?post_type=product&#038;p=4683"},"modified":"2024-12-03T03:01:44","modified_gmt":"2024-12-03T03:01:44","slug":"tete-silicone-artemis","status":"publish","type":"product","link":"https:\/\/www.doll-forever.com\/fr\/?product=tete-silicone-artemis","title":{"rendered":"T\u00eate Silicone Art\u00e9mis"},"content":{"rendered":"<p>\u2013 Il peut y avoir une petite diff\u00e9rence dans les tailles de la poup\u00e9e, en raison de diff\u00e9rentes m\u00e9thodes de mesure. Veuillez noter que les donn\u00e9es affich\u00e9es sur le site web sont \u00e0 titre indicatif<\/p>\n<p><span style=\"color: #d60000;\">EXP\u00c9DITION GRATUITE<\/span><br \/>\nNous offrons L\u2019EXP\u00c9DITION GRATUITE pour la plupart des pays, Asiatiques, d\u2019Europe, des Etats-Unis, du Canada, de l\u2019Australie et de la Nouvelle-Z\u00e9lande.<br \/>\nPour les autres destinations non \u00e9num\u00e9r\u00e9es ci-dessus, merci de nous contacter.<\/p>\n<p><span style=\"color: #d60000;\">EN RAISON DES LOIS SUR LES IMPORTATIONS, NOUS NE POUVONS PAS LIVRER VERS LES DESTINATIONS SUIVANTES:\u00a0<\/span>Pays Islamiques, Inde, Indon\u00e9sie ou Afrique.<\/p>\n","protected":false},"excerpt":{"rendered":"<p>T\u00eate r\u00e9aliste en Silicone<br \/>\nHauteur de la t\u00eate: 19,5 cm<br \/>\nPoids: 3 kg<br \/>\nCirconf\u00e9rence de la t\u00eate: 54 cm<br \/>\nOrale:\u00a0Impossible<br \/>\nPoids emball\u00e9: 5 kg<\/p>\n","protected":false},"featured_media":4685,"comment_status":"closed","ping_status":"closed","template":"","meta":[],"product_cat":[351,93,350,40],"product_tag":[],"_links":{"self":[{"href":"https:\/\/www.doll-forever.com\/fr\/index.php?rest_route=\/wp\/v2\/product\/4683"}],"collection":[{"href":"https:\/\/www.doll-forever.com\/fr\/index.php?rest_route=\/wp\/v2\/product"}],"about":[{"href":"https:\/\/www.doll-forever.com\/fr\/index.php?rest_route=\/wp\/v2\/types\/product"}],"replies":[{"embeddable":true,"href":"https:\/\/www.doll-forever.com\/fr\/index.php?rest_route=%2Fwp%2Fv2%2Fcomments&post=4683"}],"wp:featuredmedia":[{"embeddable":true,"href":"https:\/\/www.doll-forever.com\/fr\/index.php?rest_route=\/wp\/v2\/media\/4685"}],"wp:attachment":[{"href":"https:\/\/www.doll-forever.com\/fr\/index.php?rest_route=%2Fwp%2Fv2%2Fmedia&parent=4683"}],"wp:term":[{"taxonomy":"product_cat","embeddable":true,"href":"https:\/\/www.doll-forever.com\/fr\/index.php?rest_route=%2Fwp%2Fv2%2Fproduct_cat&post=4683"},{"taxonomy":"product_tag","embeddable":true,"href":"https:\/\/www.doll-forever.com\/fr\/index.php?rest_route=%2Fwp%2Fv2%2Fproduct_tag&post=4683"}],"curies":[{"name":"wp","href":"https:\/\/api.w.org\/{rel}","templated":true}]}}