{"id":4378,"date":"2020-01-16T03:18:04","date_gmt":"2020-01-16T03:18:04","guid":{"rendered":"http:\/\/www.doll-forever.com\/fr\/?product=pompe-a-eau-de-nettoyage"},"modified":"2021-03-04T04:03:37","modified_gmt":"2021-03-04T04:03:37","slug":"pompe-a-eau-de-nettoyage","status":"publish","type":"product","link":"https:\/\/www.doll-forever.com\/fr\/?product=pompe-a-eau-de-nettoyage","title":{"rendered":"Pompe \u00e0 Eau de Nettoyage"},"content":{"rendered":"<p><img loading=\"lazy\" class=\"alignnone size-large wp-image-4074\" src=\"http:\/\/www.doll-forever.com\/fr\/wp-content\/uploads\/2018\/05\/2018-05-16_Doll-4ever_Map_fr-2-1024x520.jpg\" alt=\"\" width=\"1024\" height=\"520\" srcset=\"https:\/\/www.doll-forever.com\/fr\/wp-content\/uploads\/2018\/05\/2018-05-16_Doll-4ever_Map_fr-2-1024x520.jpg 1024w, https:\/\/www.doll-forever.com\/fr\/wp-content\/uploads\/2018\/05\/2018-05-16_Doll-4ever_Map_fr-2-480x244.jpg 480w, https:\/\/www.doll-forever.com\/fr\/wp-content\/uploads\/2018\/05\/2018-05-16_Doll-4ever_Map_fr-2-1080x549.jpg 1080w, https:\/\/www.doll-forever.com\/fr\/wp-content\/uploads\/2018\/05\/2018-05-16_Doll-4ever_Map_fr-2-300x152.jpg 300w, https:\/\/www.doll-forever.com\/fr\/wp-content\/uploads\/2018\/05\/2018-05-16_Doll-4ever_Map_fr-2-768x390.jpg 768w\" sizes=\"(max-width: 1024px) 100vw, 1024px\" \/><\/p>\n<p><span style=\"color: #d40000;\">EN RAISON DES LOIS SUR LES IMPORTATIONS, NOUS NE POUVONS PAS LIVRER VERS LES DESTINATIONS SUIVANTES: <span style=\"color: #001200;\">Pays Islamiques, Inde, Indon\u00e9sie ou Afrique.<\/span><\/span><\/p>\n","protected":false},"excerpt":{"rendered":"<p>La pompe \u00e0 eau de nettoyage est la meilleure solution pour nettoyer les orifices de votre poup\u00e9e apr\u00e8s utilisation.<br \/>\n<strong>Instruction :<\/strong><br \/>\nMettez un peu de savon antibact\u00e9rien dans la pompe \u00e0 eau et remplissez d&#8217;eau ti\u00e8de. Secouez doucement pour bien m\u00e9langer.<br \/>\nEnfoncer l&#8217;embout dans le vagin, la bouche ou l&#8217;anus et pomper pour envoyer de l&#8217;eau \u00e0 l&#8217;int\u00e9rieur des orifices. r\u00e9p\u00e9ter plusieurs fois si nescessaire.<strong><br \/>\n<\/strong><\/p>\n","protected":false},"featured_media":4383,"comment_status":"closed","ping_status":"closed","template":"","meta":[],"product_cat":[46],"product_tag":[],"_links":{"self":[{"href":"https:\/\/www.doll-forever.com\/fr\/index.php?rest_route=\/wp\/v2\/product\/4378"}],"collection":[{"href":"https:\/\/www.doll-forever.com\/fr\/index.php?rest_route=\/wp\/v2\/product"}],"about":[{"href":"https:\/\/www.doll-forever.com\/fr\/index.php?rest_route=\/wp\/v2\/types\/product"}],"replies":[{"embeddable":true,"href":"https:\/\/www.doll-forever.com\/fr\/index.php?rest_route=%2Fwp%2Fv2%2Fcomments&post=4378"}],"wp:featuredmedia":[{"embeddable":true,"href":"https:\/\/www.doll-forever.com\/fr\/index.php?rest_route=\/wp\/v2\/media\/4383"}],"wp:attachment":[{"href":"https:\/\/www.doll-forever.com\/fr\/index.php?rest_route=%2Fwp%2Fv2%2Fmedia&parent=4378"}],"wp:term":[{"taxonomy":"product_cat","embeddable":true,"href":"https:\/\/www.doll-forever.com\/fr\/index.php?rest_route=%2Fwp%2Fv2%2Fproduct_cat&post=4378"},{"taxonomy":"product_tag","embeddable":true,"href":"https:\/\/www.doll-forever.com\/fr\/index.php?rest_route=%2Fwp%2Fv2%2Fproduct_tag&post=4378"}],"curies":[{"name":"wp","href":"https:\/\/api.w.org\/{rel}","templated":true}]}}