{"id":4369,"date":"2020-01-16T03:10:19","date_gmt":"2020-01-16T03:10:19","guid":{"rendered":"http:\/\/www.doll-forever.com\/fr\/?product=batonnet-auto-absorbant"},"modified":"2021-03-04T03:11:17","modified_gmt":"2021-03-04T03:11:17","slug":"batonnet-auto-absorbant","status":"publish","type":"product","link":"https:\/\/www.doll-forever.com\/fr\/?product=batonnet-auto-absorbant","title":{"rendered":"B\u00e2tonnet Auto Absorbant"},"content":{"rendered":"<p><img loading=\"lazy\" class=\"alignnone size-large wp-image-4074\" src=\"http:\/\/www.doll-forever.com\/fr\/wp-content\/uploads\/2018\/05\/2018-05-16_Doll-4ever_Map_fr-2-1024x520.jpg\" alt=\"\" width=\"1024\" height=\"520\" srcset=\"https:\/\/www.doll-forever.com\/fr\/wp-content\/uploads\/2018\/05\/2018-05-16_Doll-4ever_Map_fr-2-1024x520.jpg 1024w, https:\/\/www.doll-forever.com\/fr\/wp-content\/uploads\/2018\/05\/2018-05-16_Doll-4ever_Map_fr-2-480x244.jpg 480w, https:\/\/www.doll-forever.com\/fr\/wp-content\/uploads\/2018\/05\/2018-05-16_Doll-4ever_Map_fr-2-1080x549.jpg 1080w, https:\/\/www.doll-forever.com\/fr\/wp-content\/uploads\/2018\/05\/2018-05-16_Doll-4ever_Map_fr-2-300x152.jpg 300w, https:\/\/www.doll-forever.com\/fr\/wp-content\/uploads\/2018\/05\/2018-05-16_Doll-4ever_Map_fr-2-768x390.jpg 768w\" sizes=\"(max-width: 1024px) 100vw, 1024px\" \/><\/p>\n<p><span style=\"color: #d40000;\">EN RAISON DES LOIS SUR LES IMPORTATIONS, NOUS NE POUVONS PAS LIVRER VERS LES DESTINATIONS SUIVANTES: <span style=\"color: #001200;\">Pays Islamiques, Inde, Indon\u00e9sie ou Afrique.<\/span><\/span><\/p>\n","protected":false},"excerpt":{"rendered":"<p>Facile \u00e0 utiliser, le b\u00e2tonnet auto absorbant s\u00e9chera les zones humides, supprimera les odeurs et les bact\u00e9ries dans les diff\u00e9rents orifices de votre poup\u00e9e.<br \/>\n<strong>Utilisation :<br \/>\n<\/strong>Apr\u00e8s le nettoyage, placer le b\u00e2tonnet auto absorbant dans l\u2019un des 3 orifices, vagin, bouche ou anus. Une fois la surface compl\u00e8tement s\u00e8che retirez-le de l\u2019orifice, replacez-le si besoin.<strong><br \/>\n<\/strong>Le b\u00e2tonnet s\u00e9chera tout seul dans un endroit sec et il est r\u00e9utilisable \u00e0 l\u2019infini.<\/p>\n","protected":false},"featured_media":4374,"comment_status":"closed","ping_status":"closed","template":"","meta":[],"product_cat":[46],"product_tag":[],"_links":{"self":[{"href":"https:\/\/www.doll-forever.com\/fr\/index.php?rest_route=\/wp\/v2\/product\/4369"}],"collection":[{"href":"https:\/\/www.doll-forever.com\/fr\/index.php?rest_route=\/wp\/v2\/product"}],"about":[{"href":"https:\/\/www.doll-forever.com\/fr\/index.php?rest_route=\/wp\/v2\/types\/product"}],"replies":[{"embeddable":true,"href":"https:\/\/www.doll-forever.com\/fr\/index.php?rest_route=%2Fwp%2Fv2%2Fcomments&post=4369"}],"wp:featuredmedia":[{"embeddable":true,"href":"https:\/\/www.doll-forever.com\/fr\/index.php?rest_route=\/wp\/v2\/media\/4374"}],"wp:attachment":[{"href":"https:\/\/www.doll-forever.com\/fr\/index.php?rest_route=%2Fwp%2Fv2%2Fmedia&parent=4369"}],"wp:term":[{"taxonomy":"product_cat","embeddable":true,"href":"https:\/\/www.doll-forever.com\/fr\/index.php?rest_route=%2Fwp%2Fv2%2Fproduct_cat&post=4369"},{"taxonomy":"product_tag","embeddable":true,"href":"https:\/\/www.doll-forever.com\/fr\/index.php?rest_route=%2Fwp%2Fv2%2Fproduct_tag&post=4369"}],"curies":[{"name":"wp","href":"https:\/\/api.w.org\/{rel}","templated":true}]}}