{"id":1372,"date":"2017-03-28T12:51:27","date_gmt":"2017-03-28T12:51:27","guid":{"rendered":"http:\/\/www.doll-forever.com\/en\/?product=basket-white-001"},"modified":"2021-03-04T03:58:02","modified_gmt":"2021-03-04T03:58:02","slug":"basket-white-001","status":"publish","type":"product","link":"https:\/\/www.doll-forever.com\/fr\/?product=basket-white-001","title":{"rendered":"Chaussure en toile de protection"},"content":{"rendered":"<p>Chaussure en toile souple et semelle en caoutchouc.<br \/>\nId\u00e9al pour prot\u00e9ger les pieds en TPE de votre poup\u00e9e.<\/p>\n","protected":false},"excerpt":{"rendered":"<p>Chaussure en toile souple et semelle en caoutchouc.<br \/>\nId\u00e9al pour prot\u00e9ger les pieds en TPE de votre poup\u00e9e.<\/p>\n","protected":false},"featured_media":1378,"comment_status":"closed","ping_status":"closed","template":"","meta":[],"product_cat":[39,243],"product_tag":[],"_links":{"self":[{"href":"https:\/\/www.doll-forever.com\/fr\/index.php?rest_route=\/wp\/v2\/product\/1372"}],"collection":[{"href":"https:\/\/www.doll-forever.com\/fr\/index.php?rest_route=\/wp\/v2\/product"}],"about":[{"href":"https:\/\/www.doll-forever.com\/fr\/index.php?rest_route=\/wp\/v2\/types\/product"}],"replies":[{"embeddable":true,"href":"https:\/\/www.doll-forever.com\/fr\/index.php?rest_route=%2Fwp%2Fv2%2Fcomments&post=1372"}],"wp:featuredmedia":[{"embeddable":true,"href":"https:\/\/www.doll-forever.com\/fr\/index.php?rest_route=\/wp\/v2\/media\/1378"}],"wp:attachment":[{"href":"https:\/\/www.doll-forever.com\/fr\/index.php?rest_route=%2Fwp%2Fv2%2Fmedia&parent=1372"}],"wp:term":[{"taxonomy":"product_cat","embeddable":true,"href":"https:\/\/www.doll-forever.com\/fr\/index.php?rest_route=%2Fwp%2Fv2%2Fproduct_cat&post=1372"},{"taxonomy":"product_tag","embeddable":true,"href":"https:\/\/www.doll-forever.com\/fr\/index.php?rest_route=%2Fwp%2Fv2%2Fproduct_tag&post=1372"}],"curies":[{"name":"wp","href":"https:\/\/api.w.org\/{rel}","templated":true}]}}