{"id":228,"date":"2016-01-25T02:53:27","date_gmt":"2016-01-25T02:53:27","guid":{"rendered":"http:\/\/singlestroke.io\/demo\/primrose-wp\/?page_id=228"},"modified":"2019-07-17T11:01:28","modified_gmt":"2019-07-17T11:01:28","slug":"about-us","status":"publish","type":"page","link":"https:\/\/www.doll-forever.com\/fr\/?page_id=228","title":{"rendered":"\u00c0 propos"},"content":{"rendered":"<div id=\"pl-228\"  class=\"panel-layout\" ><div id=\"pg-228-0\"  class=\"panel-grid panel-has-style\" ><div class=\"panel-row-style panel-row-style-for-228-0\" ><div id=\"pgc-228-0-0\"  class=\"panel-grid-cell\" ><div id=\"panel-228-0-0-0\" class=\"so-panel widget widget_primrose-sow-heading panel-first-child\" data-index=\"0\" ><div class=\"so-widget-primrose-sow-heading so-widget-primrose-sow-heading-default-d75171398898-228\"><h2 class=\"primrose-sow-heading primrose-sow-alignment-left\">\u00c0 PROPOS DE DOLL-FOREVER<\/h2><\/div><\/div><div id=\"panel-228-0-0-1\" class=\"so-panel widget widget_sow-editor panel-last-child\" data-index=\"1\" ><div class=\"so-widget-sow-editor so-widget-sow-editor-base\">\n<div class=\"siteorigin-widget-tinymce textwidget\">\n\t<p>En 2016, l'\u00e9quipe Doll-Forever s'est lanc\u00e9e dans la creation des poup\u00e9es sexuelles avec enthousiasme.<\/p>\n<p>Dans cette industrie, il semble que nous soyons une jeune entreprise, mais en r\u00e9alit\u00e9 nous ne le sommes pas. De nombreux membres de notre \u00e9quipe sont des doyens dans le secteur des poup\u00e9es sexuelles. Nous sommes convaincus que seule la qualit\u00e9, la cr\u00e9ation et le service nous permettront de cr\u00e9er la meilleure exp\u00e9rience client.<\/p>\n<p>L'exp\u00e9rience client est la chose la plus importante pour notre entreprise, la satisfaction de nos clients est la meilleure des publicit\u00e9s et nos fans sont les meilleurs porte-parole. Ce n\u2019est pas seulement le concept de Doll-Forever, mais aussi la poursuite de chaque employ\u00e9 de Doll-Forever.<\/p>\n<\/div>\n<\/div><\/div><\/div><div id=\"pgc-228-0-1\"  class=\"panel-grid-cell\" ><div id=\"panel-228-0-1-0\" class=\"so-panel widget widget_sow-image panel-first-child panel-last-child\" data-index=\"2\" ><div class=\"so-widget-sow-image so-widget-sow-image-default-4b231843ec72-228\">\n\n<div class=\"sow-image-container\">\n\t\t<img src=\"https:\/\/www.doll-forever.com\/fr\/wp-content\/uploads\/2016\/01\/pict_about-us.jpg\" width=\"500\" height=\"377\" srcset=\"https:\/\/www.doll-forever.com\/fr\/wp-content\/uploads\/2016\/01\/pict_about-us.jpg 500w, https:\/\/www.doll-forever.com\/fr\/wp-content\/uploads\/2016\/01\/pict_about-us-480x362.jpg 480w, https:\/\/www.doll-forever.com\/fr\/wp-content\/uploads\/2016\/01\/pict_about-us-300x226.jpg 300w\" sizes=\"(max-width: 500px) 100vw, 500px\" alt=\"\" loading=\"lazy\" \t\tclass=\"so-widget-image\"\/>\n\t<\/div>\n\n<\/div><\/div><\/div><\/div><\/div><div id=\"pg-228-1\"  class=\"panel-grid panel-no-style\" ><div id=\"pgc-228-1-0\"  class=\"panel-grid-cell\" ><div id=\"panel-228-1-0-0\" class=\"so-panel widget widget_primrose-sow-divider panel-first-child panel-last-child\" data-index=\"3\" ><div class=\"so-widget-primrose-sow-divider so-widget-primrose-sow-divider-default-d75171398898-228\"><hr class=\"primrose-sow-divider\" \/><\/div><\/div><\/div><\/div><div id=\"pg-228-2\"  class=\"panel-grid panel-no-style\" ><div id=\"pgc-228-2-0\"  class=\"panel-grid-cell\" ><div id=\"panel-228-2-0-0\" class=\"so-panel widget widget_primrose-sow-heading panel-first-child panel-last-child\" data-index=\"4\" ><div class=\"so-widget-primrose-sow-heading so-widget-primrose-sow-heading-default-d75171398898-228\"><h2 class=\"primrose-sow-heading primrose-sow-alignment-left\">VOTRE MEILLEUR PARTENAIRE<\/h2><\/div><\/div><\/div><div id=\"pgc-228-2-1\"  class=\"panel-grid-cell\" ><div id=\"panel-228-2-1-0\" class=\"so-panel widget widget_sow-editor panel-first-child panel-last-child\" data-index=\"5\" ><div class=\"so-widget-sow-editor so-widget-sow-editor-base\">\n<div class=\"siteorigin-widget-tinymce textwidget\">\n\t<p><span style=\"font-family: Helvetica, sans-serif;\"><span style=\"font-family: Helvetica,sans-serif;\">Les \u00e9quipes de Doll-Forever ont de grandes capacit\u00e9s \u00e0 concevoir, d\u00e9velopper et produire de nouvelles poup\u00e9es sexuelles.<br \/>Nous nous investissons beaucoup dans le design, la cr\u00e9ation de prototypes, la recherche de formulations de nos mati\u00e8res premi\u00e8res, la conception des squelettes et le contr\u00f4le de la qualit\u00e9. Si vous recherchez des partenaires OEM ou ODM, Doll-Forever est le meilleur choix pour vous.<\/span><br \/><\/span><\/p>\n<p><span style=\"font-family: 'Times New Roman', serif;\"><span style=\"font-family: Helvetica, sans-serif;\"><b><span style=\"font-family: Helvetica,sans-serif;\">Cr\u00e9ation de prototypes:<\/span> <\/b><\/span><span style=\"font-family: Helvetica, sans-serif;\"><span style=\"font-family: Helvetica,sans-serif;\">nous avons l'\u00e9quipe la plus solide du secteur et nous n'externalisons jamais nos sculptures ou les moules. Nous arrivons donc mieux \u00e0 g\u00e9rer, concr\u00e9tiser nos id\u00e9es et les demandes de nos clients.<\/span><\/span><\/span><\/p>\n<p><span style=\"font-family: 'Times New Roman', serif;\"><span style=\"font-family: Helvetica, sans-serif;\"><b><span style=\"font-family: Helvetica,sans-serif;\">Recherche et d\u00e9veloppement:<\/span> <\/b><\/span><span style=\"font-family: Helvetica, sans-serif;\"><span style=\"font-family: Helvetica,sans-serif;\">nous recherchons la meilleure qualit\u00e9 pour nos creations et le choix de la mati\u00e8re premi\u00e8re est primordial. Que le TPE soit normal ou Platinum, nous ma\u00eetrisons parfaitement leurs diff\u00e9rentes propri\u00e9t\u00e9s ainsi que le traitement de la formulation, ce qui nous permet d'avoir la meilleure qualit\u00e9 de TPE du march\u00e9.<\/span><\/span><\/span><span style=\"font-family: 'Times New Roman', serif;\"><span style=\"font-family: Helvetica, sans-serif;\"><br \/><\/span><\/span><\/p>\n<p><span style=\"font-family: 'Times New Roman', serif;\"><span style=\"font-family: Helvetica, sans-serif;\"><span style=\"font-family: Helvetica,sans-serif;\"><strong>Squelette:<\/strong> nous nous fournissons chez les meilleurs fabricants de m\u00e9taux, notre \u00e9quipe \u00e0 beaucoup d'exp\u00e9rience dans leurs traitements, nous produisons donc des squelettes en m\u00e9tal avec une grande mobilit\u00e9 et une haute stabilit\u00e9 pour nos poup\u00e9es.<\/span><br \/><\/span><\/span><\/p>\n<p><span style=\"font-family: 'Times New Roman', serif;\"><span style=\"font-family: Helvetica, sans-serif;\"><b>Production:<\/b><\/span><span style=\"font-family: Helvetica, sans-serif;\"> <span style=\"font-family: Helvetica,sans-serif;\">notre production est la plus stable du march\u00e9 les poup\u00e9es Doll-Forever sont vendues dans le monde entier et suscitent g\u00e9n\u00e9ralement l'enthousiasme de nos clients, ce qui au final est notre plus grande satisfaction.<\/span><\/span><\/span><\/p>\n<\/div>\n<\/div><\/div><\/div><\/div><div id=\"pg-228-3\"  class=\"panel-grid panel-no-style\" ><div id=\"pgc-228-3-0\"  class=\"panel-grid-cell\" ><div id=\"panel-228-3-0-0\" class=\"so-panel widget widget_primrose-sow-divider panel-first-child panel-last-child\" data-index=\"6\" ><div class=\"so-widget-primrose-sow-divider so-widget-primrose-sow-divider-default-d75171398898-228\"><hr class=\"primrose-sow-divider\" \/><\/div><\/div><\/div><\/div><div id=\"pg-228-4\"  class=\"panel-grid panel-no-style\" ><div id=\"pgc-228-4-0\"  class=\"panel-grid-cell\" ><div id=\"panel-228-4-0-0\" class=\"so-panel widget widget_primrose-sow-heading panel-first-child panel-last-child\" data-index=\"7\" ><div class=\"so-widget-primrose-sow-heading so-widget-primrose-sow-heading-default-d75171398898-228\"><h2 class=\"primrose-sow-heading primrose-sow-alignment-left\">NOUS SOMMES AUSSI EXPERT EN MARKETING<\/h2><\/div><\/div><\/div><div id=\"pgc-228-4-1\"  class=\"panel-grid-cell\" ><div id=\"panel-228-4-1-0\" class=\"so-panel widget widget_sow-editor panel-first-child panel-last-child\" data-index=\"8\" ><div class=\"so-widget-sow-editor so-widget-sow-editor-base\">\n<div class=\"siteorigin-widget-tinymce textwidget\">\n\t<p><span style=\"font-family: 'Times New Roman', serif;\"><span style=\"font-family: Helvetica, sans-serif;\"><span style=\"font-family: Helvetica,sans-serif;\">Pour Doll-Forever, le plus important est de fournir la meilleure exp\u00e9rience \u00e0 nos clients. Nous recherchons l'excellence dans nos cr\u00e9ations et production. <br \/>Nos poup\u00e9es sont trait\u00e9es une par une et nos clients ont un large choix pour la customisation.<\/span><br \/><\/span><\/span><span style=\"font-family: Helvetica, sans-serif;\"><br \/>Les \u00e9quipes Doll-Forever<br \/><\/span><\/p>\n<p><span style=\"font-family: 'Times New Roman', serif;\"><span style=\"font-family: Helvetica, sans-serif;\">\u00a0<\/span><\/span><\/p>\n<\/div>\n<\/div><\/div><\/div><\/div><div id=\"pg-228-5\"  class=\"panel-grid panel-no-style\" ><div id=\"pgc-228-5-0\"  class=\"panel-grid-cell\" ><div id=\"panel-228-5-0-0\" class=\"so-panel widget widget_primrose-sow-divider panel-first-child panel-last-child\" data-index=\"9\" ><div class=\"so-widget-primrose-sow-divider so-widget-primrose-sow-divider-default-d75171398898-228\"><hr class=\"primrose-sow-divider\" \/><\/div><\/div><\/div><\/div><div id=\"pg-228-6\"  class=\"panel-grid panel-no-style\" ><div id=\"pgc-228-6-0\"  class=\"panel-grid-cell\" ><div id=\"panel-228-6-0-0\" class=\"so-panel widget widget_primrose-sow-quotes panel-first-child panel-last-child\" data-index=\"10\" ><div class=\"primrose-sow-animation-fade-in panel-widget-style panel-widget-style-for-228-6-0-0\" ><div class=\"so-widget-primrose-sow-quotes so-widget-primrose-sow-quotes-default-d75171398898-228\">\t<div class=\"primrose-sow-quotes align-center slick\" data-autoplay=\"5000\">\r\n\t\t\t\t\t<div class=\"primrose-sow-quote\">\r\n\t\t\t\t<div class=\"primrose-sow-quote-text\">\"Le flirt est l'art de s'adonner \u00e0 l'amour sans avoir l'air d'y toucher et d'y toucher sans avoir l'air.\"<\/div>\r\n\t\t\t\t\t\t\t\t\t<div class=\"primrose-sow-quote-name\">Decoly<\/div>\r\n\t\t\t\t\t\t\t<\/div><!-- .primrose-sow-quotes-item -->\r\n\t\t\t<\/div><!-- .primrose-sow-quotes -->\r\n<\/div><\/div><\/div><\/div><\/div><\/div>","protected":false},"excerpt":{"rendered":"<p>En 2016, l&#8217;\u00e9quipe Doll-Forever s&#8217;est lanc\u00e9e dans la creation des poup\u00e9es sexuelles avec enthousiasme.Dans cette industrie, il semble que nous soyons une jeune entreprise, mais en r\u00e9alit\u00e9 nous ne le sommes pas. De nombreux membres de notre \u00e9quipe sont des doyens dans le secteur des poup\u00e9es sexuelles. Nous sommes convaincus que seule la qualit\u00e9, la [&hellip;]<\/p>\n","protected":false},"author":1,"featured_media":0,"parent":0,"menu_order":0,"comment_status":"closed","ping_status":"closed","template":"page-templates\/blank.php","meta":[],"_links":{"self":[{"href":"https:\/\/www.doll-forever.com\/fr\/index.php?rest_route=\/wp\/v2\/pages\/228"}],"collection":[{"href":"https:\/\/www.doll-forever.com\/fr\/index.php?rest_route=\/wp\/v2\/pages"}],"about":[{"href":"https:\/\/www.doll-forever.com\/fr\/index.php?rest_route=\/wp\/v2\/types\/page"}],"author":[{"embeddable":true,"href":"https:\/\/www.doll-forever.com\/fr\/index.php?rest_route=\/wp\/v2\/users\/1"}],"replies":[{"embeddable":true,"href":"https:\/\/www.doll-forever.com\/fr\/index.php?rest_route=%2Fwp%2Fv2%2Fcomments&post=228"}],"version-history":[{"count":8,"href":"https:\/\/www.doll-forever.com\/fr\/index.php?rest_route=\/wp\/v2\/pages\/228\/revisions"}],"predecessor-version":[{"id":4138,"href":"https:\/\/www.doll-forever.com\/fr\/index.php?rest_route=\/wp\/v2\/pages\/228\/revisions\/4138"}],"wp:attachment":[{"href":"https:\/\/www.doll-forever.com\/fr\/index.php?rest_route=%2Fwp%2Fv2%2Fmedia&parent=228"}],"curies":[{"name":"wp","href":"https:\/\/api.w.org\/{rel}","templated":true}]}}